{"id":4399,"date":"2026-03-25T19:17:37","date_gmt":"2026-03-25T19:17:37","guid":{"rendered":"https:\/\/almex.de\/almex-at-hannover-messe\/"},"modified":"2026-04-07T16:41:07","modified_gmt":"2026-04-07T16:41:07","slug":"almex-at-hannover-messe","status":"publish","type":"page","link":"https:\/\/almex.de\/en\/almex-at-hannover-messe\/","title":{"rendered":"ALMEX at HANNOVER MESSE"},"content":{"rendered":"\t\t<div data-elementor-type=\"wp-page\" data-elementor-id=\"4399\" class=\"elementor elementor-4399 elementor-4385\" data-elementor-post-type=\"page\">\n\t\t\t\t<div class=\"elementor-element elementor-element-633ce72 e-con-full e-flex e-con e-parent\" data-id=\"633ce72\" data-element_type=\"container\" data-e-type=\"container\">\n\t\t<div class=\"elementor-element elementor-element-efac534 e-con-full e-flex e-con e-child\" data-id=\"efac534\" data-element_type=\"container\" data-e-type=\"container\" data-settings=\"{&quot;background_background&quot;:&quot;classic&quot;}\">\n\t\t\t\t<div class=\"elementor-element elementor-element-07142f9 elementor-widget-mobile__width-initial elementor-widget elementor-widget-heading\" data-id=\"07142f9\" data-element_type=\"widget\" data-e-type=\"widget\" data-widget_type=\"heading.default\">\n\t\t\t\t\t<h2 class=\"elementor-heading-title elementor-size-default\">We industrialize innovation<\/h2>\t\t\t\t<\/div>\n\t\t\t\t<div class=\"elementor-element elementor-element-e08baa4 elementor-widget__width-initial elementor-widget elementor-widget-heading\" data-id=\"e08baa4\" data-element_type=\"widget\" data-e-type=\"widget\" data-widget_type=\"heading.default\">\n\t\t\t\t\t<h1 class=\"elementor-heading-title elementor-size-default\">ALMEX at HANNOVER MESSE<\/h1>\t\t\t\t<\/div>\n\t\t<div class=\"elementor-element elementor-element-23e260a e-con-full e-flex e-con e-child\" data-id=\"23e260a\" data-element_type=\"container\" data-e-type=\"container\">\n\t\t\t\t<div class=\"elementor-element elementor-element-0bb80af elementor-mobile-align-justify elementor-widget-mobile__width-inherit lift-button elementor-mobile_extra-align-justify elementor-widget-mobile_extra__width-inherit elementor-widget elementor-widget-button\" data-id=\"0bb80af\" data-element_type=\"widget\" data-e-type=\"widget\" data-widget_type=\"button.default\">\n\t\t\t\t\t\t\t\t\t\t<a class=\"elementor-button elementor-button-link elementor-size-sm\" href=\"#Beratung\">\n\t\t\t\t\t\t<span class=\"elementor-button-content-wrapper\">\n\t\t\t\t\t\t\t\t\t<span class=\"elementor-button-text\">Book your personal consultation now!<\/span>\n\t\t\t\t\t<\/span>\n\t\t\t\t\t<\/a>\n\t\t\t\t\t\t\t\t<\/div>\n\t\t\t\t<\/div>\n\t\t\t\t<\/div>\n\t\t\t\t<\/div>\n\t\t<div class=\"elementor-element elementor-element-cfacaf2 e-flex e-con-boxed e-con e-parent\" data-id=\"cfacaf2\" data-element_type=\"container\" data-e-type=\"container\">\n\t\t\t\t\t<div class=\"e-con-inner\">\n\t\t\t\t<div class=\"elementor-element elementor-element-caf002f elementor-widget elementor-widget-heading\" data-id=\"caf002f\" data-element_type=\"widget\" data-e-type=\"widget\" data-widget_type=\"heading.default\">\n\t\t\t\t\t<h2 class=\"elementor-heading-title elementor-size-default\">Visit us at HANNOVER MESSE in Hall 26 \/ Stand G70<\/h2>\t\t\t\t<\/div>\n\t\t\t\t<div class=\"elementor-element elementor-element-bb2663d elementor-widget elementor-widget-text-editor\" data-id=\"bb2663d\" data-element_type=\"widget\" data-e-type=\"widget\" data-widget_type=\"text-editor.default\">\n\t\t\t\t\t\t\t\t\t<p style=\"font-weight: 400;\">At our booth, experience real use cases that show how ideas become market-ready products. With our \u201cBuild to Run\u201d approach, we connect all phases of value creation\u2014from consulting and engineering to industrialization, operations, and service.<\/p><p style=\"font-weight: 400;\">The solutions presented are the result of this approach: scalable, cost-effective, and designed for reliable use.<\/p><p style=\"font-weight: 400;\">We look forward to welcoming you in person on site.<\/p>\t\t\t\t\t\t\t\t<\/div>\n\t\t\t\t<div class=\"elementor-element elementor-element-9756e70 elementor-widget elementor-widget-heading\" data-id=\"9756e70\" data-element_type=\"widget\" data-e-type=\"widget\" data-widget_type=\"heading.default\">\n\t\t\t\t\t<h3 class=\"elementor-heading-title elementor-size-default\">Secure your free ticket now and speak with our experts on site!<\/h3>\t\t\t\t<\/div>\n\t\t\t\t\t<\/div>\n\t\t\t\t<\/div>\n\t\t<div class=\"elementor-element elementor-element-f03353b e-flex e-con-boxed e-con e-parent\" data-id=\"f03353b\" data-element_type=\"container\" data-e-type=\"container\">\n\t\t\t\t\t<div class=\"e-con-inner\">\n\t\t\t\t<div class=\"elementor-element elementor-element-20f534e elementor-widget elementor-widget-menu-anchor\" data-id=\"20f534e\" data-element_type=\"widget\" data-e-type=\"widget\" data-widget_type=\"menu-anchor.default\">\n\t\t\t\t\t\t\t<div class=\"elementor-menu-anchor\" id=\"Consulting\"><\/div>\n\t\t\t\t\t\t<\/div>\n\t\t\t\t<div class=\"elementor-element elementor-element-ee623ea elementor-widget elementor-widget-heading\" data-id=\"ee623ea\" data-element_type=\"widget\" data-e-type=\"widget\" data-widget_type=\"heading.default\">\n\t\t\t\t\t<h2 class=\"elementor-heading-title elementor-size-default\">Book your personal consultation with us at our booth!<\/h2>\t\t\t\t<\/div>\n\t\t\t\t<div class=\"elementor-element elementor-element-7627387 elementor-widget elementor-widget-shortcode\" data-id=\"7627387\" data-element_type=\"widget\" data-e-type=\"widget\" data-widget_type=\"shortcode.default\">\n\t\t\t\t\t\t\t<div class=\"elementor-shortcode\"><div class=\"forminator-ui forminator-custom-form forminator-custom-form-4389 forminator-design--default  forminator_ajax\" data-forminator-render=\"0\" data-form=\"forminator-module-4389\" data-uid=\"69f2f516bfa58\"><br\/><\/div><form\n\t\t\t\tid=\"forminator-module-4389\"\n\t\t\t\tclass=\"forminator-ui forminator-custom-form forminator-custom-form-4389 forminator-design--default  forminator_ajax\"\n\t\t\t\tmethod=\"post\"\n\t\t\t\tdata-forminator-render=\"0\"\n\t\t\t\tdata-form-id=\"4389\"\n\t\t\t\t data-color-option=\"theme\" data-design=\"default\" data-grid=\"open\" style=\"display: none;\"\n\t\t\t\tdata-uid=\"69f2f516bfa58\"\n\t\t\t><div role=\"alert\" aria-live=\"polite\" class=\"forminator-response-message forminator-error\" aria-hidden=\"true\"><\/div><div class=\"forminator-row\"><div id=\"select-3\" class=\"forminator-field-select forminator-col forminator-col-4 \"><div class=\"forminator-field\"><label for=\"forminator-form-4389__field--select-3_69f2f516bfa58\" id=\"forminator-form-4389__field--select-3_69f2f516bfa58-label\" class=\"forminator-label\">Anrede<\/label><select  id=\"forminator-form-4389__field--select-3_69f2f516bfa58\" class=\"forminator-select--field forminator-select2 forminator-select2-multiple\" data-required=\"\" name=\"select-3\" data-default-value=\"\" data-hidden-behavior=\"zero\" data-placeholder=\"\" data-search=\"false\" data-search-placeholder=\"\" data-checkbox=\"false\" data-allow-clear=\"false\" aria-labelledby=\"forminator-form-4389__field--select-3_69f2f516bfa58-label\"><option value=\"one\"  data-calculation=\"0\">Frau<\/option><option value=\"two\"  data-calculation=\"0\">Herr<\/option><\/select><\/div><\/div><div id=\"name-1\" class=\"forminator-field-name forminator-col forminator-col-4 \"><div class=\"forminator-field\"><label for=\"forminator-field-name-1_69f2f516bfa58\" id=\"forminator-field-name-1_69f2f516bfa58-label\" class=\"forminator-label\">Vorname<\/label><input type=\"text\" name=\"name-1\" value=\"\" placeholder=\"\" id=\"forminator-field-name-1_69f2f516bfa58\" class=\"forminator-input forminator-name--field\" aria-required=\"false\" autocomplete=\"name\" \/><\/div><\/div><div id=\"name-2\" class=\"forminator-field-name forminator-col forminator-col-4 \"><div class=\"forminator-field\"><label for=\"forminator-field-name-2_69f2f516bfa58\" id=\"forminator-field-name-2_69f2f516bfa58-label\" class=\"forminator-label\">Nachname <span class=\"forminator-required\">*<\/span><\/label><input type=\"text\" name=\"name-2\" value=\"\" placeholder=\"\" id=\"forminator-field-name-2_69f2f516bfa58\" class=\"forminator-input forminator-name--field\" aria-required=\"true\" autocomplete=\"name\" \/><\/div><\/div><\/div><div class=\"forminator-row\"><div id=\"email-1\" class=\"forminator-field-email forminator-col forminator-col-6 \"><div class=\"forminator-field\"><label for=\"forminator-field-email-1_69f2f516bfa58\" id=\"forminator-field-email-1_69f2f516bfa58-label\" class=\"forminator-label\">E-Mail-Adresse <span class=\"forminator-required\">*<\/span><\/label><input type=\"email\" name=\"email-1\" value=\"\" placeholder=\"\" id=\"forminator-field-email-1_69f2f516bfa58\" class=\"forminator-input forminator-email--field\" data-required=\"1\" aria-required=\"true\" autocomplete=\"email\" \/><\/div><\/div><div id=\"phone-1\" class=\"forminator-field-phone forminator-col forminator-col-6 \"><div class=\"forminator-field\"><label for=\"forminator-field-phone-1_69f2f516bfa58\" id=\"forminator-field-phone-1_69f2f516bfa58-label\" class=\"forminator-label\">Telefon<\/label><input type=\"text\" name=\"phone-1\" value=\"\" placeholder=\"\" id=\"forminator-field-phone-1_69f2f516bfa58\" class=\"forminator-input forminator-field--phone\" data-required=\"\" aria-required=\"false\" autocomplete=\"off\" \/><\/div><\/div><\/div><div class=\"forminator-row\"><div id=\"text-1\" class=\"forminator-field-text forminator-col forminator-col-12 \"><div class=\"forminator-field\"><label for=\"forminator-field-text-1_69f2f516bfa58\" id=\"forminator-field-text-1_69f2f516bfa58-label\" class=\"forminator-label\">Firma <span class=\"forminator-required\">*<\/span><\/label><input type=\"text\" name=\"text-1\" value=\"\" placeholder=\"\" id=\"forminator-field-text-1_69f2f516bfa58\" class=\"forminator-input forminator-name--field\" data-required=\"1\" \/><\/div><\/div><\/div><div class=\"forminator-row\"><div id=\"html-1\" class=\"forminator-field-html forminator-col forminator-col-12 \"><div class=\"forminator-field forminator-merge-tags\" data-field=\"html-1\"><label class=\"forminator-label\">Geben Sie einen Wunschzeitraum an:<\/label><\/div><\/div><\/div><div class=\"forminator-row\"><div id=\"select-1\" class=\"forminator-field-select forminator-col forminator-col-6 \"><div class=\"forminator-field\"><label for=\"forminator-form-4389__field--select-1_69f2f516bfa58\" id=\"forminator-form-4389__field--select-1_69f2f516bfa58-label\" class=\"forminator-label\">Messetag<\/label><select multiple id=\"forminator-form-4389__field--select-1_69f2f516bfa58\" class=\"forminator-select--field forminator-select2 forminator-select2-multiple\" data-required=\"\" name=\"select-1[]\" data-default-value=\"\" data-hidden-behavior=\"zero\" data-placeholder=\"\" data-search=\"false\" data-search-placeholder=\"Search\" data-checkbox=\"false\" data-allow-clear=\"true\" aria-labelledby=\"forminator-form-4389__field--select-1_69f2f516bfa58-label\"><option value=\"one\"  data-calculation=\"0\">20.04.2026<\/option><option value=\"two\"  data-calculation=\"0\">21.04.2026<\/option><option value=\"22.04.2026\"  data-calculation=\"0\">22.04.2026<\/option><option value=\"23.04.2026\"  data-calculation=\"0\">23.04.2026<\/option><option value=\"24.04.2026\"  data-calculation=\"0\">24.04.2026<\/option><\/select><\/div><\/div><div id=\"select-2\" class=\"forminator-field-select forminator-col forminator-col-6 \"><div class=\"forminator-field\"><label for=\"forminator-form-4389__field--select-2_69f2f516bfa58\" id=\"forminator-form-4389__field--select-2_69f2f516bfa58-label\" class=\"forminator-label\">Zeitraum<\/label><select multiple id=\"forminator-form-4389__field--select-2_69f2f516bfa58\" class=\"forminator-select--field forminator-select2 forminator-select2-multiple\" data-required=\"\" name=\"select-2[]\" data-default-value=\"\" data-hidden-behavior=\"zero\" data-placeholder=\"\" data-search=\"false\" data-search-placeholder=\"Search\" data-checkbox=\"false\" data-allow-clear=\"true\" aria-labelledby=\"forminator-form-4389__field--select-2_69f2f516bfa58-label\"><option value=\"one\"  data-calculation=\"0\">8:00 Uhr - 12:00Uhr<\/option><option value=\"two\"  data-calculation=\"0\">12:00 Uhr - 16:00 Uhr<\/option><\/select><\/div><\/div><\/div><div class=\"forminator-row\"><div id=\"checkbox-1\" class=\"forminator-field-checkbox forminator-col forminator-col-12 \"><div role=\"group\" class=\"forminator-field\" aria-labelledby=\"forminator-checkbox-group-forminator-field-checkbox-1-69f2f516bfa58-label\"><span id=\"forminator-checkbox-group-forminator-field-checkbox-1-69f2f516bfa58-label\" class=\"forminator-label\">W\u00fcnschen Sie ein kostenloses Ticket?<\/span><label id=\"forminator-field-checkbox-1-1-69f2f516bfa58-label\" for=\"forminator-field-checkbox-1-1-69f2f516bfa58\" class=\"forminator-checkbox\" title=\"Ja\"><input type=\"checkbox\" name=\"checkbox-1[]\" value=\"two\" id=\"forminator-field-checkbox-1-1-69f2f516bfa58\" aria-labelledby=\"forminator-field-checkbox-1-1-69f2f516bfa58-label\" data-calculation=\"0\"   data-hidden-behavior=\"zero\"\/><span class=\"forminator-checkbox-box\" aria-hidden=\"true\"><\/span><span class=\"forminator-checkbox-label\">Ja<\/span><\/label><\/div><\/div><\/div><div class=\"forminator-row\"><div id=\"checkbox-2\" class=\"forminator-field-checkbox forminator-col forminator-col-12 \"><div role=\"group\" class=\"forminator-field\" aria-labelledby=\"forminator-checkbox-group-forminator-field-checkbox-2-69f2f516bfa58-label\"><span id=\"forminator-checkbox-group-forminator-field-checkbox-2-69f2f516bfa58-label\" class=\"forminator-label\">Interessen<\/span><label id=\"forminator-field-checkbox-2-1-69f2f516bfa58-label\" for=\"forminator-field-checkbox-2-1-69f2f516bfa58\" class=\"forminator-checkbox\" title=\"Public Transport (\u00d6PNV, Ticketing, Fare Management)\"><input type=\"checkbox\" name=\"checkbox-2[]\" value=\"one\" id=\"forminator-field-checkbox-2-1-69f2f516bfa58\" aria-labelledby=\"forminator-field-checkbox-2-1-69f2f516bfa58-label\" data-calculation=\"0\"   data-hidden-behavior=\"zero\"\/><span class=\"forminator-checkbox-box\" aria-hidden=\"true\"><\/span><span class=\"forminator-checkbox-label\">Public Transport (\u00d6PNV, Ticketing, Fare Management)<\/span><\/label><label id=\"forminator-field-checkbox-2-2-69f2f516bfa58-label\" for=\"forminator-field-checkbox-2-2-69f2f516bfa58\" class=\"forminator-checkbox\" title=\"Retail &amp; Logistics (Handel, Lager, Supply Chain)\"><input type=\"checkbox\" name=\"checkbox-2[]\" value=\"two\" id=\"forminator-field-checkbox-2-2-69f2f516bfa58\" aria-labelledby=\"forminator-field-checkbox-2-2-69f2f516bfa58-label\" data-calculation=\"0\"   data-hidden-behavior=\"zero\"\/><span class=\"forminator-checkbox-box\" aria-hidden=\"true\"><\/span><span class=\"forminator-checkbox-label\">Retail &amp; Logistics (Handel, Lager, Supply Chain)<\/span><\/label><label id=\"forminator-field-checkbox-2-3-69f2f516bfa58-label\" for=\"forminator-field-checkbox-2-3-69f2f516bfa58\" class=\"forminator-checkbox\" title=\"Robotics (Automatisierung, autonome Systeme)\"><input type=\"checkbox\" name=\"checkbox-2[]\" value=\"Robotics-(Automatisierung,-autonome-Systeme)\" id=\"forminator-field-checkbox-2-3-69f2f516bfa58\" aria-labelledby=\"forminator-field-checkbox-2-3-69f2f516bfa58-label\" data-calculation=\"0\"   data-hidden-behavior=\"zero\"\/><span class=\"forminator-checkbox-box\" aria-hidden=\"true\"><\/span><span class=\"forminator-checkbox-label\">Robotics (Automatisierung, autonome Systeme)<\/span><\/label><label id=\"forminator-field-checkbox-2-4-69f2f516bfa58-label\" for=\"forminator-field-checkbox-2-4-69f2f516bfa58\" class=\"forminator-checkbox\" title=\"Security &amp; Identity (Zutrittskontrolle, Identit\u00e4tsl\u00f6sungen)\"><input type=\"checkbox\" name=\"checkbox-2[]\" value=\"Security-&amp;-Identity-(Zutrittskontrolle,-Identit\u00e4tsl\u00f6sungen)\" id=\"forminator-field-checkbox-2-4-69f2f516bfa58\" aria-labelledby=\"forminator-field-checkbox-2-4-69f2f516bfa58-label\" data-calculation=\"0\"   data-hidden-behavior=\"zero\"\/><span class=\"forminator-checkbox-box\" aria-hidden=\"true\"><\/span><span class=\"forminator-checkbox-label\">Security &amp; Identity (Zutrittskontrolle, Identit\u00e4tsl\u00f6sungen)<\/span><\/label><label id=\"forminator-field-checkbox-2-5-69f2f516bfa58-label\" for=\"forminator-field-checkbox-2-5-69f2f516bfa58\" class=\"forminator-checkbox\" title=\"Sonstiges\"><input type=\"checkbox\" name=\"checkbox-2[]\" value=\"Sonstiges\" id=\"forminator-field-checkbox-2-5-69f2f516bfa58\" aria-labelledby=\"forminator-field-checkbox-2-5-69f2f516bfa58-label\" data-calculation=\"0\"   data-hidden-behavior=\"zero\"\/><span class=\"forminator-checkbox-box\" aria-hidden=\"true\"><\/span><span class=\"forminator-checkbox-label\">Sonstiges<\/span><\/label><\/div><\/div><\/div><div class=\"forminator-row\"><div id=\"textarea-1\" class=\"forminator-field-textarea forminator-col forminator-col-12 \"><div class=\"forminator-field\"><label for=\"forminator-field-textarea-1_69f2f516bfa58\" id=\"forminator-field-textarea-1_69f2f516bfa58-label\" class=\"forminator-label\">Zu welchem weiteren Thema\/Produkt\/Leistung w\u00fcnschen Sie ein pers\u00f6nliches Gespr\u00e4ch mit einem unserer kompetenten Mitarbeiter?<\/label><textarea name=\"textarea-1\" placeholder=\"\" id=\"forminator-field-textarea-1_69f2f516bfa58\" class=\"forminator-textarea\" rows=\"6\" style=\"--forminator-textarea-min-height:140px;\" ><\/textarea><\/div><\/div><\/div><div class=\"forminator-row\"><div id=\"consent-1\" class=\"forminator-field-consent forminator-col forminator-col-12 \"><div class=\"forminator-field\"><label for=\"forminator-field-consent-1_69f2f516bfa58\" id=\"forminator-field-consent-1_69f2f516bfa58-label\" class=\"forminator-label\">Einverst\u00e4ndnis <span class=\"forminator-required\">*<\/span><\/label><div class=\"forminator-checkbox__wrapper\"><label id=\"forminator-field-consent-1_69f2f516bfa58__label\" class=\"forminator-checkbox forminator-consent\"><input type=\"checkbox\" name=\"consent-1\" id=\"forminator-field-consent-1_69f2f516bfa58\" value=\"checked\" aria-labelledby=\"forminator-field-consent-1_69f2f516bfa58-label\" aria-describedby=\"forminator-field-consent-1_69f2f516bfa58__description\" data-required=\"true\" aria-required=\"true\" \/><span class=\"forminator-checkbox-box\" aria-hidden=\"true\"><\/span><\/label><div id=\"forminator-field-consent-1_69f2f516bfa58__description\" class=\"forminator-checkbox__label forminator-consent__label\"><p>Ich habe die <a href=\"\/datenschutz\/\">Datenschutzerkl\u00e4rung<\/a> gelesen und zur Kenntnis genommen. Mit der Verarbeitung meiner Daten gem\u00e4\u00df den dort enthaltenen Informationen bin ich einverstanden.<\/p><\/div><\/div><\/div><\/div><\/div><div class=\"forminator-row\"><div id=\"html-2\" class=\"forminator-field-html forminator-col forminator-col-12 \"><div class=\"forminator-field forminator-merge-tags\" data-field=\"html-2\"><label class=\"forminator-label\">Hinweis<\/label><p style=\"font-size: 12px\">Felder, die mit * gekennzeichnet wurden sind Pflichtfelder.<\/p><\/div><\/div><\/div><input type=\"hidden\" name=\"referer_url\" value=\"\" \/><div class=\"forminator-row forminator-row-last\"><div class=\"forminator-col\"><div class=\"forminator-field\"><button class=\"forminator-button forminator-button-submit\">Absenden<\/button><\/div><\/div><\/div><input type=\"hidden\" id=\"forminator_nonce\" name=\"forminator_nonce\" value=\"391853d29e\" \/><input type=\"hidden\" name=\"_wp_http_referer\" value=\"\/en\/wp-json\/wp\/v2\/pages\/4399\" \/><input type=\"hidden\" name=\"form_id\" value=\"4389\"><input type=\"hidden\" name=\"page_id\" value=\"4399\"><input type=\"hidden\" name=\"form_type\" value=\"default\"><input type=\"hidden\" name=\"current_url\" value=\"https:\/\/almex.de\/en\/almex-at-hannover-messe\/\"><input type=\"hidden\" name=\"render_id\" value=\"0\"><input type=\"hidden\" name=\"action\" value=\"forminator_submit_form_custom-forms\"><\/form>\n<\/div>\n\t\t\t\t\t\t<\/div>\n\t\t<div class=\"elementor-element elementor-element-7a9022c e-con-full e-flex e-con e-child\" data-id=\"7a9022c\" data-element_type=\"container\" data-e-type=\"container\" data-settings=\"{&quot;background_background&quot;:&quot;classic&quot;}\">\n\t\t\t\t<div class=\"elementor-element elementor-element-3c52b75 elementor-widget elementor-widget-text-editor\" data-id=\"3c52b75\" data-element_type=\"widget\" data-e-type=\"widget\" data-widget_type=\"text-editor.default\">\n\t\t\t\t\t\t\t\t\tYour data will be treated confidentially and used exclusively for processing your inquiry. Further information can be found in our <a href=\"https:\/\/almex.de\/en\/privacy-policy\/\">Privacy Policy<\/a>. \t\t\t\t\t\t\t\t<\/div>\n\t\t\t\t<\/div>\n\t\t\t\t\t<\/div>\n\t\t\t\t<\/div>\n\t\t\t\t<\/div>\n\t\t","protected":false},"excerpt":{"rendered":"<p>We industrialize innovation ALMEX at HANNOVER MESSE Book your personal consultation now! Visit us at HANNOVER MESSE in Hall 26 \/ Stand G70 At our booth, experience real use cases that show how ideas become market-ready products. With our \u201cBuild to Run\u201d approach, we connect all phases of value creation\u2014from consulting and engineering to industrialization, [&hellip;]<\/p>\n","protected":false},"author":3,"featured_media":3889,"parent":0,"menu_order":0,"comment_status":"closed","ping_status":"closed","template":"","meta":{"footnotes":""},"class_list":["post-4399","page","type-page","status-publish","has-post-thumbnail","hentry"],"_links":{"self":[{"href":"https:\/\/almex.de\/en\/wp-json\/wp\/v2\/pages\/4399","targetHints":{"allow":["GET"]}}],"collection":[{"href":"https:\/\/almex.de\/en\/wp-json\/wp\/v2\/pages"}],"about":[{"href":"https:\/\/almex.de\/en\/wp-json\/wp\/v2\/types\/page"}],"author":[{"embeddable":true,"href":"https:\/\/almex.de\/en\/wp-json\/wp\/v2\/users\/3"}],"replies":[{"embeddable":true,"href":"https:\/\/almex.de\/en\/wp-json\/wp\/v2\/comments?post=4399"}],"version-history":[{"count":10,"href":"https:\/\/almex.de\/en\/wp-json\/wp\/v2\/pages\/4399\/revisions"}],"predecessor-version":[{"id":4563,"href":"https:\/\/almex.de\/en\/wp-json\/wp\/v2\/pages\/4399\/revisions\/4563"}],"wp:featuredmedia":[{"embeddable":true,"href":"https:\/\/almex.de\/en\/wp-json\/wp\/v2\/media\/3889"}],"wp:attachment":[{"href":"https:\/\/almex.de\/en\/wp-json\/wp\/v2\/media?parent=4399"}],"curies":[{"name":"wp","href":"https:\/\/api.w.org\/{rel}","templated":true}]}}